{"id":2221,"date":"2024-11-12T10:24:44","date_gmt":"2024-11-12T09:24:44","guid":{"rendered":"https:\/\/cycling.renewable-energies-world-race.com\/le-mot-du-maire\/"},"modified":"2024-11-15T15:29:33","modified_gmt":"2024-11-15T14:29:33","slug":"le-mot-du-maire","status":"publish","type":"page","link":"https:\/\/cycling.renewable-energies-world-race.com\/en\/le-mot-du-maire\/","title":{"rendered":"The Mayor&#8217;s Message"},"content":{"rendered":"\t\t<div data-elementor-type=\"wp-page\" data-elementor-id=\"2221\" class=\"elementor elementor-2221 elementor-1296\" data-elementor-post-type=\"page\">\n\t\t\t\t<div class=\"elementor-element elementor-element-9371bff e-flex e-con-boxed e-con e-parent\" data-id=\"9371bff\" data-element_type=\"container\" data-settings=\"{&quot;background_background&quot;:&quot;classic&quot;}\">\n\t\t\t\t\t<div class=\"e-con-inner\">\n\t\t<div class=\"elementor-element elementor-element-cd8e786 e-con-full e-flex e-con e-child\" data-id=\"cd8e786\" data-element_type=\"container\" data-settings=\"{&quot;background_background&quot;:&quot;classic&quot;}\">\n\t\t<div class=\"elementor-element elementor-element-5fc2a20 e-con-full e-flex e-con e-child\" data-id=\"5fc2a20\" data-element_type=\"container\" data-settings=\"{&quot;background_background&quot;:&quot;classic&quot;}\">\n\t\t\t\t<div class=\"elementor-element elementor-element-8bdebe3 elementor-widget-tablet__width-initial elementor-widget elementor-widget-heading\" data-id=\"8bdebe3\" data-element_type=\"widget\" data-widget_type=\"heading.default\">\n\t\t\t\t<div class=\"elementor-widget-container\">\n\t\t\t<style>\/*! elementor - v3.22.0 - 26-06-2024 *\/\n.elementor-heading-title{padding:0;margin:0;line-height:1}.elementor-widget-heading .elementor-heading-title[class*=elementor-size-]>a{color:inherit;font-size:inherit;line-height:inherit}.elementor-widget-heading .elementor-heading-title.elementor-size-small{font-size:15px}.elementor-widget-heading .elementor-heading-title.elementor-size-medium{font-size:19px}.elementor-widget-heading .elementor-heading-title.elementor-size-large{font-size:29px}.elementor-widget-heading .elementor-heading-title.elementor-size-xl{font-size:39px}.elementor-widget-heading .elementor-heading-title.elementor-size-xxl{font-size:59px}<\/style><h2 class=\"elementor-heading-title elementor-size-default\">The Mayor's Message <\/h2>\t\t<\/div>\n\t\t\t\t<\/div>\n\t\t\t\t<\/div>\n\t\t\t\t<\/div>\n\t\t\t\t\t<\/div>\n\t\t\t\t<\/div>\n\t\t<div class=\"elementor-element elementor-element-afbb73c e-flex e-con-boxed e-con e-parent\" data-id=\"afbb73c\" data-element_type=\"container\">\n\t\t\t\t\t<div class=\"e-con-inner\">\n\t\t\t\t<div class=\"elementor-element elementor-element-75f79c2 elementor-widget__width-initial elementor-widget elementor-widget-image\" data-id=\"75f79c2\" data-element_type=\"widget\" data-widget_type=\"image.default\">\n\t\t\t\t<div class=\"elementor-widget-container\">\n\t\t\t<style>\/*! elementor - v3.22.0 - 26-06-2024 *\/\n.elementor-widget-image{text-align:center}.elementor-widget-image a{display:inline-block}.elementor-widget-image a img[src$=\".svg\"]{width:48px}.elementor-widget-image img{vertical-align:middle;display:inline-block}<\/style>\t\t\t\t\t\t\t\t\t\t<img fetchpriority=\"high\" decoding=\"async\" width=\"640\" height=\"960\" src=\"https:\/\/cycling.renewable-energies-world-race.com\/wp-content\/uploads\/2024\/11\/Robert_Menard1-min-683x1024.jpg\" class=\"attachment-large size-large wp-image-1382\" alt=\"\" srcset=\"https:\/\/cycling.renewable-energies-world-race.com\/wp-content\/uploads\/2024\/11\/Robert_Menard1-min-683x1024.jpg 683w, https:\/\/cycling.renewable-energies-world-race.com\/wp-content\/uploads\/2024\/11\/Robert_Menard1-min-200x300.jpg 200w, https:\/\/cycling.renewable-energies-world-race.com\/wp-content\/uploads\/2024\/11\/Robert_Menard1-min-768x1152.jpg 768w, https:\/\/cycling.renewable-energies-world-race.com\/wp-content\/uploads\/2024\/11\/Robert_Menard1-min-1024x1536.jpg 1024w, https:\/\/cycling.renewable-energies-world-race.com\/wp-content\/uploads\/2024\/11\/Robert_Menard1-min-1365x2048.jpg 1365w, https:\/\/cycling.renewable-energies-world-race.com\/wp-content\/uploads\/2024\/11\/Robert_Menard1-min-scaled.jpg 1707w\" sizes=\"(max-width: 640px) 100vw, 640px\" \/>\t\t\t\t\t\t\t\t\t\t\t\t\t<\/div>\n\t\t\t\t<\/div>\n\t\t\t\t<div class=\"elementor-element elementor-element-e671ae7 elementor-widget__width-inherit elementor-widget elementor-widget-text-editor\" data-id=\"e671ae7\" data-element_type=\"widget\" data-widget_type=\"text-editor.default\">\n\t\t\t\t<div class=\"elementor-widget-container\">\n\t\t\t<style>\/*! elementor - v3.22.0 - 26-06-2024 *\/\n.elementor-widget-text-editor.elementor-drop-cap-view-stacked .elementor-drop-cap{background-color:#69727d;color:#fff}.elementor-widget-text-editor.elementor-drop-cap-view-framed .elementor-drop-cap{color:#69727d;border:3px solid;background-color:transparent}.elementor-widget-text-editor:not(.elementor-drop-cap-view-default) .elementor-drop-cap{margin-top:8px}.elementor-widget-text-editor:not(.elementor-drop-cap-view-default) .elementor-drop-cap-letter{width:1em;height:1em}.elementor-widget-text-editor .elementor-drop-cap{float:left;text-align:center;line-height:1;font-size:50px}.elementor-widget-text-editor .elementor-drop-cap-letter{display:inline-block}<\/style>\t\t\t\t<p>B\u00e9ziers is proud to welcome the 8th edition of the Mondial Cycliste des \u00c9nergies Renouvelables. More than a competition, it&#8217;s a symbol of what we stand for: the desire to surpass ourselves, to aim higher, while respecting the future of our planet. An equation not always solved by sport in this day and age&#8230;<\/p>\n<p>I have no doubt that our sports clubs, starting with the BMC B\u00e9ziers, with the support of all municipal players, will give their all to make this competition a popular success!<\/p>\n<p>I&#8217;m sure B\u00e9ziers will prove that it&#8217;s up to the challenge of major events.<br \/>This championship is a golden opportunity to reflect on the future. A future that concerns our children, especially in our region, which is heavily and regularly affected by global warming. future which, in our conurbation, is at the heart of our daily preoccupations with \u201cclean\u201d energies. This competition will be a showcase for that.<\/p>\n<p>Thank you to the organizers for their confidence, and see you on May 16 and 17, 2025 for what promises to be an impressive sporting spectacle.<\/p>\n<p>Robert M\u00e9nard<br \/>Mayor of B\u00e9ziers<br \/>Chairman, Communaut\u00e9 d&#8217;Agglom\u00e9ration B\u00e9ziers M\u00e9diterran\u00e9e<\/p>\n\t\t\t\t\t\t<\/div>\n\t\t\t\t<\/div>\n\t\t\t\t\t<\/div>\n\t\t\t\t<\/div>\n\t\t\t\t<\/div>\n\t\t","protected":false},"excerpt":{"rendered":"<p>The Mayor&#8217;s Message B\u00e9ziers is proud to welcome the 8th edition of the Mondial Cycliste des \u00c9nergies Renouvelables. More than a competition, it&#8217;s a symbol of what we stand for: the desire to surpass ourselves, to aim higher, while respecting the future of our planet. An equation not always solved by sport in this day [&hellip;]<\/p>\n","protected":false},"author":1,"featured_media":0,"parent":0,"menu_order":0,"comment_status":"closed","ping_status":"closed","template":"elementor_header_footer","meta":{"_acf_changed":false,"footnotes":""},"class_list":["post-2221","page","type-page","status-publish","hentry"],"acf":[],"yoast_head":"<!-- This site is optimized with the Yoast SEO plugin v23.0 - https:\/\/yoast.com\/wordpress\/plugins\/seo\/ -->\n<title>The Mayor&#039;s Message - Renewable Energies Worlds Race<\/title>\n<meta name=\"robots\" content=\"index, follow, max-snippet:-1, max-image-preview:large, max-video-preview:-1\" \/>\n<link rel=\"canonical\" href=\"https:\/\/cycling.renewable-energies-world-race.com\/en\/le-mot-du-maire\/\" \/>\n<meta property=\"og:locale\" content=\"en_US\" \/>\n<meta property=\"og:type\" content=\"article\" \/>\n<meta property=\"og:title\" content=\"The Mayor&#039;s Message - Renewable Energies Worlds Race\" \/>\n<meta property=\"og:description\" content=\"The Mayor&#8217;s Message B\u00e9ziers is proud to welcome the 8th edition of the Mondial Cycliste des \u00c9nergies Renouvelables. More than a competition, it&#8217;s a symbol of what we stand for: the desire to surpass ourselves, to aim higher, while respecting the future of our planet. An equation not always solved by sport in this day [&hellip;]\" \/>\n<meta property=\"og:url\" content=\"https:\/\/cycling.renewable-energies-world-race.com\/en\/le-mot-du-maire\/\" \/>\n<meta property=\"og:site_name\" content=\"Renewable Energies Worlds Race\" \/>\n<meta property=\"article:modified_time\" content=\"2024-11-15T14:29:33+00:00\" \/>\n<meta property=\"og:image\" content=\"https:\/\/cycling.renewable-energies-world-race.com\/wp-content\/uploads\/2024\/11\/Robert_Menard1-min-683x1024.jpg\" \/>\n<meta name=\"twitter:card\" content=\"summary_large_image\" \/>\n<meta name=\"twitter:label1\" content=\"Est. reading time\" \/>\n\t<meta name=\"twitter:data1\" content=\"2 minutes\" \/>\n<script type=\"application\/ld+json\" class=\"yoast-schema-graph\">{\"@context\":\"https:\/\/schema.org\",\"@graph\":[{\"@type\":\"WebPage\",\"@id\":\"https:\/\/cycling.renewable-energies-world-race.com\/en\/le-mot-du-maire\/\",\"url\":\"https:\/\/cycling.renewable-energies-world-race.com\/en\/le-mot-du-maire\/\",\"name\":\"The Mayor's Message - Renewable Energies Worlds Race\",\"isPartOf\":{\"@id\":\"https:\/\/cycling.renewable-energies-world-race.com\/en\/#website\"},\"primaryImageOfPage\":{\"@id\":\"https:\/\/cycling.renewable-energies-world-race.com\/en\/le-mot-du-maire\/#primaryimage\"},\"image\":{\"@id\":\"https:\/\/cycling.renewable-energies-world-race.com\/en\/le-mot-du-maire\/#primaryimage\"},\"thumbnailUrl\":\"https:\/\/cycling.renewable-energies-world-race.com\/wp-content\/uploads\/2024\/11\/Robert_Menard1-min-683x1024.jpg\",\"datePublished\":\"2024-11-12T09:24:44+00:00\",\"dateModified\":\"2024-11-15T14:29:33+00:00\",\"breadcrumb\":{\"@id\":\"https:\/\/cycling.renewable-energies-world-race.com\/en\/le-mot-du-maire\/#breadcrumb\"},\"inLanguage\":\"en-US\",\"potentialAction\":[{\"@type\":\"ReadAction\",\"target\":[\"https:\/\/cycling.renewable-energies-world-race.com\/en\/le-mot-du-maire\/\"]}]},{\"@type\":\"ImageObject\",\"inLanguage\":\"en-US\",\"@id\":\"https:\/\/cycling.renewable-energies-world-race.com\/en\/le-mot-du-maire\/#primaryimage\",\"url\":\"https:\/\/cycling.renewable-energies-world-race.com\/wp-content\/uploads\/2024\/11\/Robert_Menard1-min-683x1024.jpg\",\"contentUrl\":\"https:\/\/cycling.renewable-energies-world-race.com\/wp-content\/uploads\/2024\/11\/Robert_Menard1-min-683x1024.jpg\"},{\"@type\":\"BreadcrumbList\",\"@id\":\"https:\/\/cycling.renewable-energies-world-race.com\/en\/le-mot-du-maire\/#breadcrumb\",\"itemListElement\":[{\"@type\":\"ListItem\",\"position\":1,\"name\":\"Accueil\",\"item\":\"https:\/\/cycling.renewable-energies-world-race.com\/en\/lien-externe\/\"},{\"@type\":\"ListItem\",\"position\":2,\"name\":\"The Mayor&#8217;s Message\"}]},{\"@type\":\"WebSite\",\"@id\":\"https:\/\/cycling.renewable-energies-world-race.com\/en\/#website\",\"url\":\"https:\/\/cycling.renewable-energies-world-race.com\/en\/\",\"name\":\"Renewable Energies Worlds Race\",\"description\":\"\",\"publisher\":{\"@id\":\"https:\/\/cycling.renewable-energies-world-race.com\/en\/#organization\"},\"potentialAction\":[{\"@type\":\"SearchAction\",\"target\":{\"@type\":\"EntryPoint\",\"urlTemplate\":\"https:\/\/cycling.renewable-energies-world-race.com\/en\/?s={search_term_string}\"},\"query-input\":\"required name=search_term_string\"}],\"inLanguage\":\"en-US\"},{\"@type\":\"Organization\",\"@id\":\"https:\/\/cycling.renewable-energies-world-race.com\/en\/#organization\",\"name\":\"Renewable Energies Worlds Race\",\"url\":\"https:\/\/cycling.renewable-energies-world-race.com\/en\/\",\"logo\":{\"@type\":\"ImageObject\",\"inLanguage\":\"en-US\",\"@id\":\"https:\/\/cycling.renewable-energies-world-race.com\/en\/#\/schema\/logo\/image\/\",\"url\":\"https:\/\/cycling.renewable-energies-world-race.com\/wp-content\/uploads\/2024\/06\/LOGO_ENR_CYCLING_COLOR.png\",\"contentUrl\":\"https:\/\/cycling.renewable-energies-world-race.com\/wp-content\/uploads\/2024\/06\/LOGO_ENR_CYCLING_COLOR.png\",\"width\":2560,\"height\":1036,\"caption\":\"Renewable Energies Worlds Race\"},\"image\":{\"@id\":\"https:\/\/cycling.renewable-energies-world-race.com\/en\/#\/schema\/logo\/image\/\"}}]}<\/script>\n<!-- \/ Yoast SEO plugin. -->","yoast_head_json":{"title":"The Mayor's Message - Renewable Energies Worlds Race","robots":{"index":"index","follow":"follow","max-snippet":"max-snippet:-1","max-image-preview":"max-image-preview:large","max-video-preview":"max-video-preview:-1"},"canonical":"https:\/\/cycling.renewable-energies-world-race.com\/en\/le-mot-du-maire\/","og_locale":"en_US","og_type":"article","og_title":"The Mayor's Message - Renewable Energies Worlds Race","og_description":"The Mayor&#8217;s Message B\u00e9ziers is proud to welcome the 8th edition of the Mondial Cycliste des \u00c9nergies Renouvelables. More than a competition, it&#8217;s a symbol of what we stand for: the desire to surpass ourselves, to aim higher, while respecting the future of our planet. An equation not always solved by sport in this day [&hellip;]","og_url":"https:\/\/cycling.renewable-energies-world-race.com\/en\/le-mot-du-maire\/","og_site_name":"Renewable Energies Worlds Race","article_modified_time":"2024-11-15T14:29:33+00:00","og_image":[{"url":"https:\/\/cycling.renewable-energies-world-race.com\/wp-content\/uploads\/2024\/11\/Robert_Menard1-min-683x1024.jpg"}],"twitter_card":"summary_large_image","twitter_misc":{"Est. reading time":"2 minutes"},"schema":{"@context":"https:\/\/schema.org","@graph":[{"@type":"WebPage","@id":"https:\/\/cycling.renewable-energies-world-race.com\/en\/le-mot-du-maire\/","url":"https:\/\/cycling.renewable-energies-world-race.com\/en\/le-mot-du-maire\/","name":"The Mayor's Message - Renewable Energies Worlds Race","isPartOf":{"@id":"https:\/\/cycling.renewable-energies-world-race.com\/en\/#website"},"primaryImageOfPage":{"@id":"https:\/\/cycling.renewable-energies-world-race.com\/en\/le-mot-du-maire\/#primaryimage"},"image":{"@id":"https:\/\/cycling.renewable-energies-world-race.com\/en\/le-mot-du-maire\/#primaryimage"},"thumbnailUrl":"https:\/\/cycling.renewable-energies-world-race.com\/wp-content\/uploads\/2024\/11\/Robert_Menard1-min-683x1024.jpg","datePublished":"2024-11-12T09:24:44+00:00","dateModified":"2024-11-15T14:29:33+00:00","breadcrumb":{"@id":"https:\/\/cycling.renewable-energies-world-race.com\/en\/le-mot-du-maire\/#breadcrumb"},"inLanguage":"en-US","potentialAction":[{"@type":"ReadAction","target":["https:\/\/cycling.renewable-energies-world-race.com\/en\/le-mot-du-maire\/"]}]},{"@type":"ImageObject","inLanguage":"en-US","@id":"https:\/\/cycling.renewable-energies-world-race.com\/en\/le-mot-du-maire\/#primaryimage","url":"https:\/\/cycling.renewable-energies-world-race.com\/wp-content\/uploads\/2024\/11\/Robert_Menard1-min-683x1024.jpg","contentUrl":"https:\/\/cycling.renewable-energies-world-race.com\/wp-content\/uploads\/2024\/11\/Robert_Menard1-min-683x1024.jpg"},{"@type":"BreadcrumbList","@id":"https:\/\/cycling.renewable-energies-world-race.com\/en\/le-mot-du-maire\/#breadcrumb","itemListElement":[{"@type":"ListItem","position":1,"name":"Accueil","item":"https:\/\/cycling.renewable-energies-world-race.com\/en\/lien-externe\/"},{"@type":"ListItem","position":2,"name":"The Mayor&#8217;s Message"}]},{"@type":"WebSite","@id":"https:\/\/cycling.renewable-energies-world-race.com\/en\/#website","url":"https:\/\/cycling.renewable-energies-world-race.com\/en\/","name":"Renewable Energies Worlds Race","description":"","publisher":{"@id":"https:\/\/cycling.renewable-energies-world-race.com\/en\/#organization"},"potentialAction":[{"@type":"SearchAction","target":{"@type":"EntryPoint","urlTemplate":"https:\/\/cycling.renewable-energies-world-race.com\/en\/?s={search_term_string}"},"query-input":"required name=search_term_string"}],"inLanguage":"en-US"},{"@type":"Organization","@id":"https:\/\/cycling.renewable-energies-world-race.com\/en\/#organization","name":"Renewable Energies Worlds Race","url":"https:\/\/cycling.renewable-energies-world-race.com\/en\/","logo":{"@type":"ImageObject","inLanguage":"en-US","@id":"https:\/\/cycling.renewable-energies-world-race.com\/en\/#\/schema\/logo\/image\/","url":"https:\/\/cycling.renewable-energies-world-race.com\/wp-content\/uploads\/2024\/06\/LOGO_ENR_CYCLING_COLOR.png","contentUrl":"https:\/\/cycling.renewable-energies-world-race.com\/wp-content\/uploads\/2024\/06\/LOGO_ENR_CYCLING_COLOR.png","width":2560,"height":1036,"caption":"Renewable Energies Worlds Race"},"image":{"@id":"https:\/\/cycling.renewable-energies-world-race.com\/en\/#\/schema\/logo\/image\/"}}]}},"_links":{"self":[{"href":"https:\/\/cycling.renewable-energies-world-race.com\/en\/wp-json\/wp\/v2\/pages\/2221","targetHints":{"allow":["GET"]}}],"collection":[{"href":"https:\/\/cycling.renewable-energies-world-race.com\/en\/wp-json\/wp\/v2\/pages"}],"about":[{"href":"https:\/\/cycling.renewable-energies-world-race.com\/en\/wp-json\/wp\/v2\/types\/page"}],"author":[{"embeddable":true,"href":"https:\/\/cycling.renewable-energies-world-race.com\/en\/wp-json\/wp\/v2\/users\/1"}],"replies":[{"embeddable":true,"href":"https:\/\/cycling.renewable-energies-world-race.com\/en\/wp-json\/wp\/v2\/comments?post=2221"}],"version-history":[{"count":2,"href":"https:\/\/cycling.renewable-energies-world-race.com\/en\/wp-json\/wp\/v2\/pages\/2221\/revisions"}],"predecessor-version":[{"id":2277,"href":"https:\/\/cycling.renewable-energies-world-race.com\/en\/wp-json\/wp\/v2\/pages\/2221\/revisions\/2277"}],"wp:attachment":[{"href":"https:\/\/cycling.renewable-energies-world-race.com\/en\/wp-json\/wp\/v2\/media?parent=2221"}],"curies":[{"name":"wp","href":"https:\/\/api.w.org\/{rel}","templated":true}]}}